{"id":158,"date":"2024-02-14T17:52:09","date_gmt":"2024-02-14T16:52:09","guid":{"rendered":"https:\/\/rendeszetgyongyos.hu\/?page_id=158"},"modified":"2025-05-23T09:09:38","modified_gmt":"2025-05-23T08:09:38","slug":"dokumentumok","status":"publish","type":"page","link":"https:\/\/rendeszetgyongyos.hu\/?page_id=158","title":{"rendered":"Dokumentumok"},"content":{"rendered":"\n\n\nIg\u00e9nybejelent\u00e9s\n\n<a id=\"wp-block-file--media-eca0e4c8-250b-46d4-b06f-c1b81eac18e7\" href=\"https:\/\/rendeszetgyongyos.hu\/documents\/parkolasikerelemmagan0201.pdf\">Parkol\u00e1si enged\u00e9ly ir\u00e1nti k\u00e9relem (mag\u00e1nszem\u00e9lyek)<\/a>\n<a id=\"wp-block-file--media-eca0e4c8-250b-46d4-b06f-c1b81eac18e7\" href=\"https:\/\/rendeszetgyongyos.hu\/documents\/parkolasiengkerelem-ceges0201.pdf\">Parkol\u00e1si enged\u00e9ly ir\u00e1nti k\u00e9relem (c\u00e9gek)<\/a>\n<a id=\"wp-block-file--media-eca0e4c8-250b-46d4-b06f-c1b81eac18e7\" href=\"https:\/\/rendeszetgyongyos.hu\/documents\/behajtasi-engedely-iranti-kerelem.pdf\">Behajt\u00e1si enged\u00e9ly ir\u00e1nti k\u00e9relem (F\u0151 t\u00e9r, Szent Bertalan utca)<\/a>\n<a id=\"wp-block-file--media-eca0e4c8-250b-46d4-b06f-c1b81eac18e7\" href=\"https:\/\/rendeszetgyongyos.hu\/documents\/kozterulet-hasznalati-kerelem-nyomtatvany%20%2815%29.doc\">Ig\u00e9nybejelent\u00e9s k\u00f6zter\u00fclet haszn\u00e1latra<\/a>\n<a id=\"wp-block-file--media-eca0e4c8-250b-46d4-b06f-c1b81eac18e7\" href=\"https:\/\/rendeszetgyongyos.hu\/documents\/kozterulethasznalati-es-kozut-igenybeveteli-dijak.pdf\">K\u00f6zter\u00fclethaszn\u00e1lati \u00e9s k\u00f6z\u00fat-ig\u00e9nybev\u00e9teli d\u00edjak<\/a>\n\n\n\n\n\n\n\n\n\n","protected":false},"excerpt":{"rendered":"","protected":false},"author":1,"featured_media":0,"parent":0,"menu_order":1,"comment_status":"closed","ping_status":"closed","template":"","meta":{"pagelayer_contact_templates":[],"_pagelayer_content":"","footnotes":""},"class_list":["post-158","page","type-page","status-publish","hentry"],"_links":{"self":[{"href":"https:\/\/rendeszetgyongyos.hu\/index.php?rest_route=\/wp\/v2\/pages\/158","targetHints":{"allow":["GET"]}}],"collection":[{"href":"https:\/\/rendeszetgyongyos.hu\/index.php?rest_route=\/wp\/v2\/pages"}],"about":[{"href":"https:\/\/rendeszetgyongyos.hu\/index.php?rest_route=\/wp\/v2\/types\/page"}],"author":[{"embeddable":true,"href":"https:\/\/rendeszetgyongyos.hu\/index.php?rest_route=\/wp\/v2\/users\/1"}],"replies":[{"embeddable":true,"href":"https:\/\/rendeszetgyongyos.hu\/index.php?rest_route=%2Fwp%2Fv2%2Fcomments&post=158"}],"version-history":[{"count":11,"href":"https:\/\/rendeszetgyongyos.hu\/index.php?rest_route=\/wp\/v2\/pages\/158\/revisions"}],"predecessor-version":[{"id":359,"href":"https:\/\/rendeszetgyongyos.hu\/index.php?rest_route=\/wp\/v2\/pages\/158\/revisions\/359"}],"wp:attachment":[{"href":"https:\/\/rendeszetgyongyos.hu\/index.php?rest_route=%2Fwp%2Fv2%2Fmedia&parent=158"}],"curies":[{"name":"wp","href":"https:\/\/api.w.org\/{rel}","templated":true}]}}