{"id":233,"date":"2024-04-12T10:02:54","date_gmt":"2024-04-12T09:02:54","guid":{"rendered":"https:\/\/rendeszetgyongyos.hu\/?page_id=233"},"modified":"2025-09-18T07:20:23","modified_gmt":"2025-09-18T06:20:23","slug":"kozerdeku-adatok","status":"publish","type":"page","link":"https:\/\/rendeszetgyongyos.hu\/?page_id=233","title":{"rendered":"K\u00f6z\u00e9rdek\u0171 adatok"},"content":{"rendered":"\n\n\n\n\n\n\n\n\n<h3>Adatkezel\u00e9si t\u00e1j\u00e9koztat\u00f3k:<\/h3>\n\n\n\n\n<a href=\"https:\/\/rendeszetgyongyos.hu\/documents\/Adatkezel%C3%A9si_t%C3%A1j%C3%A9koztat%C3%B3_Gy%C3%B6ngy%C3%B6si_V%C3%A1rosrend%C3%A9szet_20250813.pdff\">Adatkezel\u00e9si t\u00e1j\u00e9koztat\u00f3<\/a>\n\n\n\n<a href=\"https:\/\/rendeszetgyongyos.hu\/documents\/Kameralista%20hat%C3%A1lyos.pdf\">Gy\u00f6ngy\u00f6s V\u00e1ros k\u00f6zigazgat\u00e1si ter\u00fclet\u00e9n elhelyezett t\u00e9rfigyel\u0151 kamer\u00e1k telep\u00edt\u00e9si helyei \u00e9s a megfigyelt k\u00f6zter\u00fcletek megnevez\u00e9se<\/a>\n\n\n\n\n\n\n\n\n<h3><strong><strong>K\u00f6z\u00e9rdek\u0171 adatok<\/strong><\/strong><\/h3>\n\n\n\n\n<a href=\"https:\/\/rendeszetgyongyos.hu\/documents\/V_ALTALANOS-KOZZETETELI-LISTA-GYVR-2.pdf\">\u00c1ltal\u00e1nos k\u00f6z\u00e9tt\u00e9teli lista<\/a>\n\n\n\nK\u00f6z\u00e9rdek\u0171 adatig\u00e9nyl\u00e9s: felt\u00f6lt\u00e9s alatt&#8230;\n\n\n\n<a href=\"https:\/\/rendeszetgyongyos.hu\/documents\/adatkezelesi-tajekoztatok\/GYVR.%20A-kozerdeku-adatok-igenylesenek-rendje.pdf\">A k\u00f6z\u00e9rdek\u0171 adatok megismer\u00e9s\u00e9re ir\u00e1nyul\u00f3 ig\u00e9nyek int\u00e9z\u00e9s\u00e9nek rendje, a k\u00f6z\u00e9rdek\u0171 adatok egyedi ig\u00e9nyl\u00e9s\u00e9nek \u00e9s teljes\u00edt\u00e9s\u00e9nek szab\u00e1lyai<\/a>\n\n\n\n<a href=\"https:\/\/rendeszetgyongyos.hu\/documents\/Alap%C3%ADt%C3%B3%20okirat_V%C3%A1rosrend%C3%A9szet_al%C3%A1%C3%ADrt.pdf\">Alap\u00edt\u00f3 okirat<\/a>\n\n\n\n<a href=\"https:\/\/rendeszetgyongyos.hu\/documents\/SZMSZ%20VR%20%2B%20mell%C3%A9klet.pdf\"><a href=\"https:\/\/rendeszetgyongyos.hu\/documents\/SZMSZ.pdf\">Szervezeti \u00e9s M\u0171k\u00f6d\u00e9si Szab\u00e1lyzat<\/a><\/a>\n\n\n\n\n\n","protected":false},"excerpt":{"rendered":"","protected":false},"author":1,"featured_media":0,"parent":0,"menu_order":1,"comment_status":"closed","ping_status":"closed","template":"","meta":{"pagelayer_contact_templates":[],"_pagelayer_content":"","footnotes":""},"class_list":["post-233","page","type-page","status-publish","hentry"],"_links":{"self":[{"href":"https:\/\/rendeszetgyongyos.hu\/index.php?rest_route=\/wp\/v2\/pages\/233","targetHints":{"allow":["GET"]}}],"collection":[{"href":"https:\/\/rendeszetgyongyos.hu\/index.php?rest_route=\/wp\/v2\/pages"}],"about":[{"href":"https:\/\/rendeszetgyongyos.hu\/index.php?rest_route=\/wp\/v2\/types\/page"}],"author":[{"embeddable":true,"href":"https:\/\/rendeszetgyongyos.hu\/index.php?rest_route=\/wp\/v2\/users\/1"}],"replies":[{"embeddable":true,"href":"https:\/\/rendeszetgyongyos.hu\/index.php?rest_route=%2Fwp%2Fv2%2Fcomments&post=233"}],"version-history":[{"count":13,"href":"https:\/\/rendeszetgyongyos.hu\/index.php?rest_route=\/wp\/v2\/pages\/233\/revisions"}],"predecessor-version":[{"id":423,"href":"https:\/\/rendeszetgyongyos.hu\/index.php?rest_route=\/wp\/v2\/pages\/233\/revisions\/423"}],"wp:attachment":[{"href":"https:\/\/rendeszetgyongyos.hu\/index.php?rest_route=%2Fwp%2Fv2%2Fmedia&parent=233"}],"curies":[{"name":"wp","href":"https:\/\/api.w.org\/{rel}","templated":true}]}}